{"id":121,"date":"2015-09-16T17:41:47","date_gmt":"2015-09-16T16:41:47","guid":{"rendered":"http:\/\/www.broomexpert.com\/?page_id=121"},"modified":"2015-12-27T15:49:29","modified_gmt":"2015-12-27T14:49:29","slug":"caldera_forms_preview","status":"publish","type":"page","link":"http:\/\/www.broomexpert.com\/hu\/caldera_forms_preview\/","title":{"rendered":"Aj\u00e1nlatk\u00e9r\u00e9shez"},"content":{"rendered":"<p><div class=\"caldera-grid\" id=\"caldera_form_5\" data-cf-ver=\"1.9.6\" data-cf-form-id=\"CF55f482b669c80\"><div id=\"caldera_notices_5\" data-spinner=\"http:\/\/www.broomexpert.com\/wp-admin\/images\/spinner.gif\"><\/div><form data-instance=\"5\" class=\"CF55f482b669c80 caldera_forms_form cfajax-trigger\" method=\"POST\" enctype=\"multipart\/form-data\" id=\"CF55f482b669c80_5\" data-form-id=\"CF55f482b669c80\" aria-label=\"Aj&aacute;nlatk&eacute;r&eacute;shez\" data-target=\"#caldera_notices_5\" data-template=\"#cfajax_CF55f482b669c80-tmpl\" data-cfajax=\"CF55f482b669c80\" data-load-element=\"_parent\" data-load-class=\"cf_processing\" data-post-disable=\"0\" data-action=\"cf_process_ajax_submit\" data-request=\"http:\/\/www.broomexpert.com\/hu\/cf-api\/CF55f482b669c80\" data-hiderows=\"true\">\r\n<input type=\"hidden\" id=\"_cf_verify_CF55f482b669c80\" name=\"_cf_verify\" value=\"cc5cbc02e3\"  data-nonce-time=\"1778840661\" \/><input type=\"hidden\" name=\"_wp_http_referer\" value=\"\/hu\/wp-json\/wp\/v2\/pages\/121\" \/><div id=\"cf2-CF55f482b669c80_5\"><\/div><input type=\"hidden\" name=\"_cf_frm_id\" value=\"CF55f482b669c80\">\r\n<input type=\"hidden\" name=\"_cf_frm_ct\" value=\"5\">\r\n<input type=\"hidden\" name=\"cfajax\" value=\"CF55f482b669c80\">\r\n<input type=\"hidden\" name=\"_cf_cr_pst\" value=\"121\">\r\n<div class=\"hide\" style=\"display:none; overflow:hidden;height:0;width:0;\">\r\n<label>Phone<\/label><input type=\"text\" name=\"phone\" value=\"\" autocomplete=\"off\">\r\n<\/div><div id=\"CF55f482b669c80_5-row-1\"  class=\"row  first_row\"><div  class=\"col-sm-12  single\"><div class=\"\"><p>K\u00e9rj\u00fck, t\u00f6ltse ki az \u00f6sszeg egy fajta sepr\u0171t, hogy azt szeretn\u00e9, hogy a k\u00f6lts\u00e9g. Szint\u00e9n teljes \u00e9s a k\u00e9rt inform\u00e1ci\u00f3k al\u00e1bb.<\/p>\n<\/div><div class=\"\"><h2 style=\"text-align: center;\"><strong>Standard sepr\u0171ink<\/strong><\/h2>\n<\/div><\/div><\/div><div id=\"CF55f482b669c80_5-row-2\"  class=\"row \"><div  class=\"col-sm-3  first_col\"><div class=\"\"><td style=\"text-align: center;\"><a href=\"http:\/\/media.broomexpert.com\/2015\/07\/tricela.jpg\"><img loading=\"lazy\" decoding=\"async\" class=\"wp-image-52 size-thumbnail aligncenter\" src=\"http:\/\/media.broomexpert.com\/2015\/07\/tritelo-150x150.jpg\" alt=\"Tri puta \u0161ivena\" width=\"100\" height=\"100\" \/><\/a><\/td>\n<\/div><div data-field-wrapper=\"fld_6798405\" class=\"form-group\" id=\"fld_6798405_5-wrap\">\r\n\t<label id=\"fld_6798405Label\" for=\"fld_6798405_5\" class=\"control-label screen-reader-text sr-only\">V3<\/label>\r\n\t<div class=\"\">\r\n\t\t<input placeholder=\"V3\" data-inputmask=\"'mask': '[9{*}]'\"   type=\"text\" data-field=\"fld_6798405\" class=\" form-control\" id=\"fld_6798405_5\" name=\"fld_6798405\" value=\"\" data-type=\"text\"   aria-labelledby=\"fld_6798405Label\" aria-describedby=\"fld_6798405Caption\" >\t\t<span id=\"fld_6798405Caption\" class=\"help-block\">darabok<\/span>\r\n\t<\/div>\r\n<\/div>\r\n<\/div><div  class=\"col-sm-3 \"><div class=\"\"><td style=\"text-align: center;\"><a href=\"http:\/\/media.broomexpert.com\/2015\/07\/cetricela.jpg\"><img loading=\"lazy\" decoding=\"async\" class=\"size-thumbnail wp-image-52 aligncenter\" src=\"http:\/\/media.broomexpert.com\/2015\/07\/cetritelo-150x150.jpg\" alt=\"\u010cetiri puta \u0161ivena\" width=\"100\" height=\"100\" \/><\/a><\/td>\n<\/div><div data-field-wrapper=\"fld_7008832\" class=\"form-group\" id=\"fld_7008832_5-wrap\">\r\n\t<label id=\"fld_7008832Label\" for=\"fld_7008832_5\" class=\"control-label screen-reader-text sr-only\">V4<\/label>\r\n\t<div class=\"\">\r\n\t\t<input placeholder=\"V4\" data-inputmask=\"'mask': '[9{*}]'\"   type=\"text\" data-field=\"fld_7008832\" class=\" form-control\" id=\"fld_7008832_5\" name=\"fld_7008832\" value=\"\" data-type=\"text\"   aria-labelledby=\"fld_7008832Label\" aria-describedby=\"fld_7008832Caption\" >\t\t<span id=\"fld_7008832Caption\" class=\"help-block\">darabok<\/span>\r\n\t<\/div>\r\n<\/div>\r\n<\/div><div  class=\"col-sm-3 \"><div class=\"\"><td style=\"text-align: center;\"><a href=\"http:\/\/media.broomexpert.com\/2015\/07\/petcela.jpg\"><img loading=\"lazy\" decoding=\"async\" class=\"size-thumbnail wp-image-52 aligncenter\" src=\"http:\/\/media.broomexpert.com\/2015\/07\/pettelo-150x150.jpg\" alt=\"Pet puta \u0161ivena\" width=\"100\" height=\"100\" \/><\/a><\/td>\n<\/div><div data-field-wrapper=\"fld_1569211\" class=\"form-group\" id=\"fld_1569211_5-wrap\">\r\n\t<label id=\"fld_1569211Label\" for=\"fld_1569211_5\" class=\"control-label screen-reader-text sr-only\">V5<\/label>\r\n\t<div class=\"\">\r\n\t\t<input placeholder=\"V5\" data-inputmask=\"'mask': '[9{*}]'\"   type=\"text\" data-field=\"fld_1569211\" class=\" form-control\" id=\"fld_1569211_5\" name=\"fld_1569211\" value=\"\" data-type=\"text\"   aria-labelledby=\"fld_1569211Label\" aria-describedby=\"fld_1569211Caption\" >\t\t<span id=\"fld_1569211Caption\" class=\"help-block\">darabok<\/span>\r\n\t<\/div>\r\n<\/div>\r\n<\/div><div  class=\"col-sm-3  last_col\"><div class=\"\"><td style=\"text-align: center;\"><a href=\"http:\/\/media.broomexpert.com\/2015\/07\/osamcela.jpg\"><img loading=\"lazy\" decoding=\"async\" class=\"size-thumbnail wp-image-52 aligncenter\" src=\"http:\/\/media.broomexpert.com\/2015\/07\/osamtelo-150x150.jpg\" alt=\"Osam puta \u0161ivena\" width=\"100\" height=\"100\" \/><\/a><\/td>\n<\/div><div data-field-wrapper=\"fld_6393820\" class=\"form-group\" id=\"fld_6393820_5-wrap\">\r\n\t<label id=\"fld_6393820Label\" for=\"fld_6393820_5\" class=\"control-label screen-reader-text sr-only\">V8<\/label>\r\n\t<div class=\"\">\r\n\t\t<input placeholder=\"V8\" data-inputmask=\"'mask': '[9{*}]'\"   type=\"text\" data-field=\"fld_6393820\" class=\" form-control\" id=\"fld_6393820_5\" name=\"fld_6393820\" value=\"\" data-type=\"text\"   aria-labelledby=\"fld_6393820Label\" aria-describedby=\"fld_6393820Caption\" >\t\t<span id=\"fld_6393820Caption\" class=\"help-block\">darabok<\/span>\r\n\t<\/div>\r\n<\/div>\r\n<\/div><\/div><div id=\"CF55f482b669c80_5-row-3\"  class=\"row \"><div  class=\"col-sm-12  single\"><div class=\"\"><h2 style=\"text-align: center;\"><strong>Tov\u00e1bbi sepr\u0171ink<\/strong><\/h2>\n<\/div><\/div><\/div><div id=\"CF55f482b669c80_5-row-4\"  class=\"row \"><div  class=\"col-sm-3  first_col\"><div class=\"\"><td style=\"width: 480px; text-align: center; vertical-align: middle;\"><a href=\"http:\/\/media.broomexpert.com\/2015\/07\/autocela.jpg\"><img loading=\"lazy\" decoding=\"async\" class=\"wp-image-52 size-thumbnail aligncenter\" src=\"http:\/\/media.broomexpert.com\/2015\/07\/autoglava-150x150.jpg\" alt=\"Tri puta \u0161ivena\" width=\"100\" height=\"100\" \/><\/a><\/td>\n<\/div><div data-field-wrapper=\"fld_511981\" class=\"form-group\" id=\"fld_511981_5-wrap\">\r\n\t<label id=\"fld_511981Label\" for=\"fld_511981_5\" class=\"control-label screen-reader-text sr-only\">M3<\/label>\r\n\t<div class=\"\">\r\n\t\t<input placeholder=\"M3\"   type=\"text\" data-field=\"fld_511981\" class=\" form-control\" id=\"fld_511981_5\" name=\"fld_511981\" value=\"\" data-type=\"text\"   aria-labelledby=\"fld_511981Label\" aria-describedby=\"fld_511981Caption\" >\t\t<span id=\"fld_511981Caption\" class=\"help-block\">darabok<\/span>\r\n\t<\/div>\r\n<\/div>\r\n<\/div><div  class=\"col-sm-3 \"><div class=\"\"><td style=\"width: 480px; text-align: center; vertical-align: middle;\"><a href=\"http:\/\/media.broomexpert.com\/2015\/07\/balkancela.jpg\"><img loading=\"lazy\" decoding=\"async\" class=\"size-thumbnail wp-image-52 aligncenter\" src=\"http:\/\/media.broomexpert.com\/2015\/07\/balkanglava-150x150.jpg\" alt=\"\u010cetiri puta \u0161ivena\" width=\"100\" height=\"100\" \/><\/a><\/td>\n<\/div><div data-field-wrapper=\"fld_6408815\" class=\"form-group\" id=\"fld_6408815_5-wrap\">\r\n\t<label id=\"fld_6408815Label\" for=\"fld_6408815_5\" class=\"control-label screen-reader-text sr-only\">B3<\/label>\r\n\t<div class=\"\">\r\n\t\t<input placeholder=\"B3\"   type=\"text\" data-field=\"fld_6408815\" class=\" form-control\" id=\"fld_6408815_5\" name=\"fld_6408815\" value=\"\" data-type=\"text\"   aria-labelledby=\"fld_6408815Label\" aria-describedby=\"fld_6408815Caption\" >\t\t<span id=\"fld_6408815Caption\" class=\"help-block\">darabok<\/span>\r\n\t<\/div>\r\n<\/div>\r\n<\/div><div  class=\"col-sm-3 \"><div class=\"\"><td style=\"width: 480px; text-align: center; vertical-align: middle;\" colspan=\"2\"><a href=\"http:\/\/media.broomexpert.com\/2015\/07\/spiralacela.jpg\"><img loading=\"lazy\" decoding=\"async\" class=\"size-thumbnail wp-image-52 aligncenter\" src=\"http:\/\/media.broomexpert.com\/2015\/07\/spiralaglava-150x150.jpg\" alt=\"Pet puta \u0161ivena\" width=\"100\" height=\"100\" \/><\/a><\/td>\n<\/div><div data-field-wrapper=\"fld_7638562\" class=\"form-group\" id=\"fld_7638562_5-wrap\">\r\n\t<label id=\"fld_7638562Label\" for=\"fld_7638562_5\" class=\"control-label screen-reader-text sr-only\">S1<\/label>\r\n\t<div class=\"\">\r\n\t\t<input placeholder=\"S1\"   type=\"text\" data-field=\"fld_7638562\" class=\" form-control\" id=\"fld_7638562_5\" name=\"fld_7638562\" value=\"\" data-type=\"text\"   aria-labelledby=\"fld_7638562Label\" aria-describedby=\"fld_7638562Caption\" >\t\t<span id=\"fld_7638562Caption\" class=\"help-block\">darabok<\/span>\r\n\t<\/div>\r\n<\/div>\r\n<\/div><div  class=\"col-sm-3  last_col\"><\/div><\/div><div id=\"CF55f482b669c80_5-row-5\"  class=\"row \"><div  class=\"col-sm-6  first_col\"><div data-field-wrapper=\"fld_8336897\" class=\"form-group\" id=\"fld_8336897_5-wrap\">\r\n\t<label id=\"fld_8336897Label\" for=\"fld_8336897_5\" class=\"control-label\">Keresztn\u00e9v <span aria-hidden=\"true\" role=\"presentation\" class=\"field_required\" style=\"color:#ee0000;\">*<\/span><\/label>\r\n\t<div class=\"\">\r\n\t\t<input   required type=\"text\" data-field=\"fld_8336897\" class=\" form-control\" id=\"fld_8336897_5\" name=\"fld_8336897\" value=\"\" data-type=\"text\" aria-required=\"true\"   aria-labelledby=\"fld_8336897Label\" >\t\t\t<\/div>\r\n<\/div>\r\n<div data-field-wrapper=\"fld_9068752\" class=\"form-group\" id=\"fld_9068752_5-wrap\">\r\n\t<label id=\"fld_9068752Label\" for=\"fld_9068752_5\" class=\"control-label\">Csal\u00e1dn\u00e9v <span aria-hidden=\"true\" role=\"presentation\" class=\"field_required\" style=\"color:#ee0000;\">*<\/span><\/label>\r\n\t<div class=\"\">\r\n\t\t<input   required type=\"text\" data-field=\"fld_9068752\" class=\" form-control\" id=\"fld_9068752_5\" name=\"fld_9068752\" value=\"\" data-type=\"text\" aria-required=\"true\"   aria-labelledby=\"fld_9068752Label\" >\t\t\t<\/div>\r\n<\/div>\r\n<div data-field-wrapper=\"fld_694623\" class=\"form-group\" id=\"fld_694623_5-wrap\">\r\n\t<label id=\"fld_694623Label\" for=\"fld_694623_5\" class=\"control-label\">email <span aria-hidden=\"true\" role=\"presentation\" class=\"field_required\" style=\"color:#ee0000;\">*<\/span><\/label>\r\n\t<div class=\"\">\r\n\t\t<input   required type=\"text\" data-field=\"fld_694623\" class=\" form-control\" id=\"fld_694623_5\" name=\"fld_694623\" value=\"\" data-type=\"text\" aria-required=\"true\"   aria-labelledby=\"fld_694623Label\" >\t\t\t<\/div>\r\n<\/div>\r\n<div data-field-wrapper=\"fld_6989189\" class=\"form-group\" id=\"fld_6989189_5-wrap\">\r\n<label id=\"fld_6989189Label\" for=\"fld_6989189_5\" class=\"control-label\">captcha<\/label>\r\n<div class=\"\">\r\n\t<input type=\"hidden\" name=\"fld_6989189\" value=\"fld_6989189_5\" data-field=\"fld_6989189\">\n\t<div id=\"capfld_6989189_5\" class=\"g-recaptcha\" data-theme=\"light\" data-sitekey=\"6LdZvwwTAAAAAPnn7vlgwsPh6esYAPv9pGkj2TBF\"><\/div>\n\n\t<\/div>\r\n<\/div>\r\n<\/div><div  class=\"col-sm-6  last_col\"><div data-field-wrapper=\"fld_859637\" class=\"form-group\" id=\"fld_859637_5-wrap\">\r\n\t<label id=\"fld_859637Label\" for=\"fld_859637_5\" class=\"control-label\">T\u00e1rsas\u00e1g <span aria-hidden=\"true\" role=\"presentation\" class=\"field_required\" style=\"color:#ee0000;\">*<\/span><\/label>\r\n\t<div class=\"\">\r\n\t\t<input   required type=\"text\" data-field=\"fld_859637\" class=\" form-control\" id=\"fld_859637_5\" name=\"fld_859637\" value=\"\" data-type=\"text\" aria-required=\"true\"   aria-labelledby=\"fld_859637Label\" >\t\t\t<\/div>\r\n<\/div>\r\n<div data-field-wrapper=\"fld_2631448\" class=\"form-group\" id=\"fld_2631448_5-wrap\">\r\n\t<label id=\"fld_2631448Label\" for=\"fld_2631448_5\" class=\"control-label\">Telefonsz\u00e1m <span aria-hidden=\"true\" role=\"presentation\" class=\"field_required\" style=\"color:#ee0000;\">*<\/span><\/label>\r\n\t<div class=\"\">\r\n\t\t<input   required type=\"text\" data-field=\"fld_2631448\" class=\" form-control\" id=\"fld_2631448_5\" name=\"fld_2631448\" value=\"\" data-type=\"text\" aria-required=\"true\"   aria-labelledby=\"fld_2631448Label\" >\t\t\t<\/div>\r\n<\/div>\r\n<div data-field-wrapper=\"fld_4620465\" class=\"form-group\" id=\"fld_4620465_5-wrap\">\r\n\t<label id=\"fld_4620465Label\" for=\"fld_4620465_5\" class=\"control-label\">Weboldal<\/label>\r\n\t<div class=\"\">\r\n\t\t<input    type=\"text\" data-field=\"fld_4620465\" class=\" form-control\" id=\"fld_4620465_5\" name=\"fld_4620465\" value=\"\" data-type=\"text\"   aria-labelledby=\"fld_4620465Label\" >\t\t\t<\/div>\r\n<\/div>\r\n<\/div><\/div><div id=\"CF55f482b669c80_5-row-6\"  class=\"row  last_row\"><div  class=\"col-sm-6  first_col\"><\/div><div  class=\"col-sm-3 \"><div data-field-wrapper=\"fld_1662904\" class=\"form-group\" id=\"fld_1662904_5-wrap\">\r\n<div class=\"\">\r\n\t<input  class=\"btn btn-default\" type=\"submit\" name=\"fld_1662904\" id=\"fld_1662904_5\" value=\"K\u00fcldd\" data-field=\"fld_1662904\"  >\n<\/div>\r\n<\/div>\r\n\t<input class=\"button_trigger_5\" type=\"hidden\" name=\"fld_1662904\" id=\"fld_1662904_5_btn\" value=\"\" data-field=\"fld_1662904\"  \/>\n<\/div><div  class=\"col-sm-3  last_col\"><div data-field-wrapper=\"fld_5402747\" class=\"form-group\" id=\"fld_5402747_5-wrap\">\r\n<div class=\"\">\r\n\t<input  class=\"btn btn-default\" type=\"reset\" name=\"fld_5402747\" id=\"fld_5402747_5\" value=\"Vissza\u00e1ll\u00edt\u00e1sa\" data-field=\"fld_5402747\"  >\n<\/div>\r\n<\/div>\r\n\t<input class=\"button_trigger_5\" type=\"hidden\" name=\"fld_5402747\" id=\"fld_5402747_5_btn\" value=\"\" data-field=\"fld_5402747\"  \/>\n<\/div><\/div><\/form>\r\n<\/div>\r\n<\/p>","protected":false},"excerpt":{"rendered":"","protected":false},"author":1,"featured_media":0,"parent":0,"menu_order":0,"comment_status":"closed","ping_status":"closed","template":"","meta":{"footnotes":""},"class_list":["post-121","page","type-page","status-publish","hentry","nodate","item-wrap"],"_links":{"self":[{"href":"http:\/\/www.broomexpert.com\/hu\/wp-json\/wp\/v2\/pages\/121","targetHints":{"allow":["GET"]}}],"collection":[{"href":"http:\/\/www.broomexpert.com\/hu\/wp-json\/wp\/v2\/pages"}],"about":[{"href":"http:\/\/www.broomexpert.com\/hu\/wp-json\/wp\/v2\/types\/page"}],"author":[{"embeddable":true,"href":"http:\/\/www.broomexpert.com\/hu\/wp-json\/wp\/v2\/users\/1"}],"replies":[{"embeddable":true,"href":"http:\/\/www.broomexpert.com\/hu\/wp-json\/wp\/v2\/comments?post=121"}],"version-history":[{"count":5,"href":"http:\/\/www.broomexpert.com\/hu\/wp-json\/wp\/v2\/pages\/121\/revisions"}],"predecessor-version":[{"id":133,"href":"http:\/\/www.broomexpert.com\/hu\/wp-json\/wp\/v2\/pages\/121\/revisions\/133"}],"wp:attachment":[{"href":"http:\/\/www.broomexpert.com\/hu\/wp-json\/wp\/v2\/media?parent=121"}],"curies":[{"name":"wp","href":"https:\/\/api.w.org\/{rel}","templated":true}]}}