{"id":2,"date":"2014-10-15T13:15:32","date_gmt":"2014-10-15T13:15:32","guid":{"rendered":"http:\/\/broomexpert.com\/?page_id=2"},"modified":"2023-02-04T16:40:34","modified_gmt":"2023-02-04T15:40:34","slug":"sample-page","status":"publish","type":"page","link":"https:\/\/www.broomexpert.com\/de\/","title":{"rendered":"\u00dcber uns"},"content":{"rendered":"<p><\/p>\n<h1>Grosses Sortiment<\/h1>\n<p>Gasparovsky GmbH, ist ein Unternehmen das sich auf die Herstelung und Vertrieb von Reisstrohbesen aller Art spezialisiert.<\/p>\n<h1>Grosse Kapazit\u00e4t<\/h1>\n<p>Unser Unternehmen besteht aus zwei Produktionswerken welche eine Herstellung von etwa 2000 Strohbesen t\u00e4glich garantieren.<\/p>\n<h1>Qualit\u00e4tsprodukte<\/h1>\n<p>Unsere Jahrelange Pr\u00e4senz am Markt und die Strenge und Qualifizierte Kontrolle in allen Bereichen unserer Produktionsprozesse garantieren die Qualit\u00e4t unserer Produkte.<\/p>\n<h1>Garantie f\u00fcr Erfolg<\/h1>\n<p>Der in dritter Generation gef\u00fchrte Familienbetrieb und unser grosses Netzwerk von Mitarbeitern dass zur Entwicklung und Erweiterung unserer Produktpalette und unserer Produktionskapazit\u00e4t beigef\u00fchrt hat sind der Beweis und Garantie f\u00fcr eine erfolgreiche Zusammenarbeit.<\/p>","protected":false},"excerpt":{"rendered":"<p>Grosses Sortiment Gasparovsky GmbH, ist ein Unternehmen das sich auf die Herstelung und Vertrieb von Reisstrohbesen aller Art spezialisiert. Grosse Kapazit\u00e4t Unser Unternehmen besteht aus zwei Produktionswerken welche eine Herstellung von etwa 2000 Strohbesen t\u00e4glich garantieren. Qualit\u00e4tsprodukte Unsere Jahrelange Pr\u00e4senz am Markt und die Strenge und Qualifizierte Kontrolle in allen Bereichen unserer Produktionsprozesse garantieren die &hellip; <\/p>\n<p><a class=\"more-link btn\" href=\"https:\/\/www.broomexpert.com\/de\/\">Weiterlesen<\/a><\/p>\n","protected":false},"author":1,"featured_media":0,"parent":0,"menu_order":0,"comment_status":"open","ping_status":"open","template":"","meta":{"footnotes":""},"class_list":["post-2","page","type-page","status-publish","hentry","nodate","item-wrap"],"_links":{"self":[{"href":"https:\/\/www.broomexpert.com\/de\/wp-json\/wp\/v2\/pages\/2","targetHints":{"allow":["GET"]}}],"collection":[{"href":"https:\/\/www.broomexpert.com\/de\/wp-json\/wp\/v2\/pages"}],"about":[{"href":"https:\/\/www.broomexpert.com\/de\/wp-json\/wp\/v2\/types\/page"}],"author":[{"embeddable":true,"href":"https:\/\/www.broomexpert.com\/de\/wp-json\/wp\/v2\/users\/1"}],"replies":[{"embeddable":true,"href":"https:\/\/www.broomexpert.com\/de\/wp-json\/wp\/v2\/comments?post=2"}],"version-history":[{"count":5,"href":"https:\/\/www.broomexpert.com\/de\/wp-json\/wp\/v2\/pages\/2\/revisions"}],"predecessor-version":[{"id":160,"href":"https:\/\/www.broomexpert.com\/de\/wp-json\/wp\/v2\/pages\/2\/revisions\/160"}],"wp:attachment":[{"href":"https:\/\/www.broomexpert.com\/de\/wp-json\/wp\/v2\/media?parent=2"}],"curies":[{"name":"wp","href":"https:\/\/api.w.org\/{rel}","templated":true}]}}