{"id":2,"date":"2014-10-15T13:15:32","date_gmt":"2014-10-15T13:15:32","guid":{"rendered":"http:\/\/broomexpert.com\/?page_id=2"},"modified":"2023-02-04T16:40:34","modified_gmt":"2023-02-04T15:40:34","slug":"sample-page","status":"publish","type":"page","link":"https:\/\/www.broomexpert.com\/hu\/","title":{"rendered":"R\u00f3lunk"},"content":{"rendered":"<p><\/p>\n<h1>Hatalmas v\u00e1laszt\u00e9k<\/h1>\n<p>A Ga\u0161parovsky d.o.o v\u00e1llalat k\u00fcl\u00f6nf\u00e9le ciroksepr\u0171k gy\u00e1rt\u00e1s\u00e1val \u00e9s forgalmaz\u00e1s\u00e1val foglalkozik.<\/p>\n<h1>Hatalmas gy\u00e1rt\u00f3er\u0151<\/h1>\n<p>A v\u00e1llalaton bel\u00fcl k\u00e9t c\u00e9g m\u0171k\u00f6dik, melyek egy\u00fctt napi 2000 sepr\u0171 gy\u00e1rt\u00e1s\u00e1ra k\u00e9pesek.<\/p>\n<h1>Min\u0151s\u00e9ges term\u00e9kek<\/h1>\n<p>Term\u00e9keink min\u0151s\u00e9g\u00e9t garant\u00e1lja t\u00f6bb\u00e9ves jelenl\u00e9t\u00fcnk a piacon \u00e9s a szigor\u00fa ellen\u0151rz\u00e9si folyamatok jelenl\u00e9te a gy\u00e1rt\u00f3ciklus minden f\u00e1zis\u00e1ban.<\/p>\n<h1>A sikeres fejl\u0151d\u00e9s garant\u00e1lt<\/h1>\n<p>Munkat\u00e1rsaink terjedelmes h\u00e1l\u00f3ja \u00e9s a csal\u00e1d harmadik gener\u00e1ci\u00f3j\u00e1nak bekapcsol\u00f3d\u00e1sa a termel\u00e9sbe \u00e9s a gy\u00e1rt\u00f3er\u0151 t\u00e1g\u00edt\u00e1s\u00e1ba \u00e9s er\u0151s\u00edt\u00e9s\u00e9be biztos\u00edtj\u00e1k a sikeres fejl\u0151d\u00e9st \u00e9s a piacon val\u00f3 jelenl\u00e9t \u00e1lland\u00f3s\u00e1g\u00e1t.<\/p>","protected":false},"excerpt":{"rendered":"<p>Hatalmas v\u00e1laszt\u00e9k A Ga\u0161parovsky d.o.o v\u00e1llalat k\u00fcl\u00f6nf\u00e9le ciroksepr\u0171k gy\u00e1rt\u00e1s\u00e1val \u00e9s forgalmaz\u00e1s\u00e1val foglalkozik. Hatalmas gy\u00e1rt\u00f3er\u0151 A v\u00e1llalaton bel\u00fcl k\u00e9t c\u00e9g m\u0171k\u00f6dik, melyek egy\u00fctt napi 2000 sepr\u0171 gy\u00e1rt\u00e1s\u00e1ra k\u00e9pesek. Min\u0151s\u00e9ges term\u00e9kek Term\u00e9keink min\u0151s\u00e9g\u00e9t garant\u00e1lja t\u00f6bb\u00e9ves jelenl\u00e9t\u00fcnk a piacon \u00e9s a szigor\u00fa ellen\u0151rz\u00e9si folyamatok jelenl\u00e9te a gy\u00e1rt\u00f3ciklus minden f\u00e1zis\u00e1ban. A sikeres fejl\u0151d\u00e9s garant\u00e1lt Munkat\u00e1rsaink terjedelmes h\u00e1l\u00f3ja \u00e9s a &hellip; <\/p>\n<p><a class=\"more-link btn\" href=\"https:\/\/www.broomexpert.com\/hu\/\">Olvass tov\u00e1bb<\/a><\/p>\n","protected":false},"author":1,"featured_media":0,"parent":0,"menu_order":0,"comment_status":"open","ping_status":"open","template":"","meta":{"footnotes":""},"class_list":["post-2","page","type-page","status-publish","hentry","nodate","item-wrap"],"_links":{"self":[{"href":"https:\/\/www.broomexpert.com\/hu\/wp-json\/wp\/v2\/pages\/2","targetHints":{"allow":["GET"]}}],"collection":[{"href":"https:\/\/www.broomexpert.com\/hu\/wp-json\/wp\/v2\/pages"}],"about":[{"href":"https:\/\/www.broomexpert.com\/hu\/wp-json\/wp\/v2\/types\/page"}],"author":[{"embeddable":true,"href":"https:\/\/www.broomexpert.com\/hu\/wp-json\/wp\/v2\/users\/1"}],"replies":[{"embeddable":true,"href":"https:\/\/www.broomexpert.com\/hu\/wp-json\/wp\/v2\/comments?post=2"}],"version-history":[{"count":5,"href":"https:\/\/www.broomexpert.com\/hu\/wp-json\/wp\/v2\/pages\/2\/revisions"}],"predecessor-version":[{"id":160,"href":"https:\/\/www.broomexpert.com\/hu\/wp-json\/wp\/v2\/pages\/2\/revisions\/160"}],"wp:attachment":[{"href":"https:\/\/www.broomexpert.com\/hu\/wp-json\/wp\/v2\/media?parent=2"}],"curies":[{"name":"wp","href":"https:\/\/api.w.org\/{rel}","templated":true}]}}